{"id":69,"date":"2020-03-03T07:18:17","date_gmt":"2020-03-03T06:18:17","guid":{"rendered":"https:\/\/bellezalife.com\/index.php\/home\/"},"modified":"2023-11-17T23:35:28","modified_gmt":"2023-11-17T22:35:28","slug":"home","status":"publish","type":"page","link":"https:\/\/bellezalife.com\/","title":{"rendered":"Home"},"content":{"rendered":"\t\t<div data-elementor-type=\"wp-page\" data-elementor-id=\"69\" class=\"elementor elementor-69\">\n\t\t\t\t\t\t\t\t\t<section class=\"elementor-section elementor-top-section elementor-element elementor-element-6a36846 elementor-section-full_width elementor-section-height-default elementor-section-height-default\" data-id=\"6a36846\" data-element_type=\"section\">\n\t\t\t\t\t\t<div class=\"elementor-container elementor-column-gap-no\">\n\t\t\t\t\t<div class=\"aux-parallax-section elementor-column elementor-col-50 elementor-top-column elementor-element elementor-element-4a3d1ae\" data-id=\"4a3d1ae\" data-element_type=\"column\" data-settings=\"{&quot;background_background&quot;:&quot;classic&quot;}\">\n\t\t\t<div class=\"elementor-widget-wrap elementor-element-populated\">\n\t\t\t\t\t\t\t\t<div class=\"elementor-element elementor-element-facf61a aux-appear-watch-animation aux-fade-in-right-2 elementor-widget elementor-widget-aux_modern_heading\" data-id=\"facf61a\" data-element_type=\"widget\" data-widget_type=\"aux_modern_heading.default\">\n\t\t\t\t<div class=\"elementor-widget-container\">\n\t\t\t<section class=\"aux-widget-modern-heading\">\n            <div class=\"aux-widget-inner\"><h2 class=\"aux-modern-heading-primary\">CAMBIANDO<\/h2><h2 class=\"aux-modern-heading-secondary\"><span class=\"aux-head-highlight\">VIDAS<\/span><\/h2><div class=\"aux-modern-heading-description\"><p>Conoce c\u00f3mo tener tu propio negocio Yanbal en Espa\u00f1a y convi\u00e9rtete en una exitosa empresaria gracias a YANBAL<\/p><\/div><\/div>\n        <\/section>\t\t<\/div>\n\t\t\t\t<\/div>\n\t\t\t\t<div class=\"elementor-element elementor-element-62e9818 elementor-invisible elementor-widget elementor-widget-image\" data-id=\"62e9818\" data-element_type=\"widget\" data-settings=\"{&quot;_animation&quot;:&quot;fadeInLeft&quot;}\" data-widget_type=\"image.default\">\n\t\t\t\t<div class=\"elementor-widget-container\">\n\t\t\t\t\t\t\t\t\t\t\t\t\t\t\t\t<a href=\"tel:665921359\" target=\"_blank\" rel=\"nofollow\">\n\t\t\t\t\t\t\t<img loading=\"lazy\" decoding=\"async\" width=\"435\" height=\"105\" src=\"https:\/\/bellezalife.com\/wp-content\/uploads\/2023\/10\/WhatsApp-Image-2023-10-30-at-4.54.08-PM.jpeg\" class=\"attachment-full size-full wp-image-120\" alt=\"\" srcset=\"https:\/\/bellezalife.com\/wp-content\/uploads\/2023\/10\/WhatsApp-Image-2023-10-30-at-4.54.08-PM.jpeg 435w, https:\/\/bellezalife.com\/wp-content\/uploads\/2023\/10\/WhatsApp-Image-2023-10-30-at-4.54.08-PM-200x48.jpeg 200w\" sizes=\"(max-width: 435px) 100vw, 435px\" \/>\t\t\t\t\t\t\t\t<\/a>\n\t\t\t\t\t\t\t\t\t\t\t\t\t\t\t<\/div>\n\t\t\t\t<\/div>\n\t\t\t\t\t<\/div>\n\t\t<\/div>\n\t\t\t\t<div class=\"aux-parallax-section elementor-column elementor-col-50 elementor-top-column elementor-element elementor-element-4fe4198\" data-id=\"4fe4198\" data-element_type=\"column\" data-settings=\"{&quot;background_background&quot;:&quot;classic&quot;}\">\n\t\t\t<div class=\"elementor-widget-wrap elementor-element-populated\">\n\t\t\t\t\t\t\t\t<div class=\"elementor-element elementor-element-877555d elementor-widget__width-auto aux-appear-watch-animation aux-fade-in-left-2 elementor-widget elementor-widget-aux_image\" data-id=\"877555d\" data-element_type=\"widget\" data-widget_type=\"aux_image.default\">\n\t\t\t\t<div class=\"elementor-widget-container\">\n\t\t\t<section class=\"widget-container aux-widget-image aux-alignnone aux-parent-au61b77fca\">\n    <div class=\"aux-media-hint-frame \">\n        <div class=\"aux-media-image \" >\n        \n            \n\n            \n            <img loading=\"lazy\" decoding=\"async\" width=\"1600\" height=\"609\" src=\"https:\/\/bellezalife.com\/wp-content\/uploads\/2023\/11\/image.jpeg\" class=\"aux-attachment aux-featured-image aux-attachment-id-187\" alt=\"image\" data-ratio=\"2.63\" data-original-w=\"1600\" \/>            \n                <\/div>\n    <\/div>\n\n<\/section><!-- widget-container -->\t\t<\/div>\n\t\t\t\t<\/div>\n\t\t\t\t\t<\/div>\n\t\t<\/div>\n\t\t\t\t\t\t\t<\/div>\n\t\t<\/section>\n\t\t\t\t<section class=\"elementor-section elementor-top-section elementor-element elementor-element-b3db42a elementor-section-content-middle elementor-reverse-mobile elementor-section-boxed elementor-section-height-default elementor-section-height-default\" data-id=\"b3db42a\" data-element_type=\"section\">\n\t\t\t\t\t\t<div class=\"elementor-container elementor-column-gap-no\">\n\t\t\t\t\t<div class=\"aux-parallax-section elementor-column elementor-col-50 elementor-top-column elementor-element elementor-element-720a736\" data-id=\"720a736\" data-element_type=\"column\">\n\t\t\t<div class=\"elementor-widget-wrap elementor-element-populated\">\n\t\t\t\t\t\t\t\t<div class=\"elementor-element elementor-element-e77cad2 aux-appear-watch-animation aux-fade-in-left-1 elementor-widget elementor-widget-aux_image\" data-id=\"e77cad2\" data-element_type=\"widget\" data-widget_type=\"aux_image.default\">\n\t\t\t\t<div class=\"elementor-widget-container\">\n\t\t\t<section class=\"widget-container aux-widget-image aux-alignnone aux-parent-auab8aaf68\">\n    <div class=\"aux-media-hint-frame \">\n        <div class=\"aux-media-image \" >\n        \n            \n\n            \n            <img loading=\"lazy\" decoding=\"async\" width=\"768\" height=\"576\" src=\"https:\/\/bellezalife.com\/wp-content\/uploads\/2023\/10\/labs-768x576.jpeg\" class=\"aux-attachment aux-featured-image aux-attachment-id-151\" alt=\"labs\" srcset=\"https:\/\/bellezalife.com\/wp-content\/uploads\/2023\/10\/labs-150x150.jpeg 150w,https:\/\/bellezalife.com\/wp-content\/uploads\/2023\/10\/labs-300x300.jpeg 300w,https:\/\/bellezalife.com\/wp-content\/uploads\/2023\/10\/labs-768x576.jpeg 768w,https:\/\/bellezalife.com\/wp-content\/uploads\/2023\/10\/labs-768x576.jpeg 768w\" data-ratio=\"1\" data-original-w=\"1024\" sizes=\"(max-width:479px) 480px,(max-width:767px) 768px,(max-width:1023px) 1024px,768px\" \/>            \n                <\/div>\n    <\/div>\n\n<\/section><!-- widget-container -->\t\t<\/div>\n\t\t\t\t<\/div>\n\t\t\t\t<div class=\"elementor-element elementor-element-14db7f0 aux-appear-watch-animation aux-fade-in-right elementor-widget elementor-widget-aux_simple_svg\" data-id=\"14db7f0\" data-element_type=\"widget\" data-widget_type=\"aux_simple_svg.default\">\n\t\t\t\t<div class=\"elementor-widget-container\">\n\t\t\t    <div class=\"aux-widget-container aux-simple-svg-container\">\n        <div class=\"aux-widget-container-inner\">\n            <div class=\"aux-the-svg\"> <svg width=\"550\" height=\"750\">\n  <rect x=\"0\" y=\"0\" rx=\"0\" ry=\"0\" width=\"550\" height=\"750\" style=\"fill:#dce0fb;opacity:1\" \/>\n<\/svg> <\/div>\n        <\/div>\n    <\/div>\n    \t\t<\/div>\n\t\t\t\t<\/div>\n\t\t\t\t\t<\/div>\n\t\t<\/div>\n\t\t\t\t<div class=\"aux-parallax-section elementor-column elementor-col-50 elementor-top-column elementor-element elementor-element-55b2300\" data-id=\"55b2300\" data-element_type=\"column\">\n\t\t\t<div class=\"elementor-widget-wrap elementor-element-populated\">\n\t\t\t\t\t\t\t\t<div class=\"elementor-element elementor-element-2e9816a aux-appear-watch-animation aux-fade-in-right-2 elementor-widget elementor-widget-aux_modern_heading\" data-id=\"2e9816a\" data-element_type=\"widget\" data-widget_type=\"aux_modern_heading.default\">\n\t\t\t\t<div class=\"elementor-widget-container\">\n\t\t\t<section class=\"aux-widget-modern-heading\">\n            <div class=\"aux-widget-inner\"><h2 class=\"aux-modern-heading-primary\"><\/h2><h3 class=\"aux-modern-heading-secondary\"><span class=\"aux-head-highlight\">\u00bfQu\u00e9 es YANBAL?<\/span><\/h3><div class=\"aux-modern-heading-description\"><p>Es una compa\u00f1\u00eda global de venta directa presente en 10 pa\u00edses de Am\u00e9rica y Europa<br \/>sus productos son de clase internacional dispone de 5 categor\u00edas, Cuidado Facial, Cuidado del Cuerpo, Maquillaje, Fragancias y Joyer\u00eda.<br \/>Yanbal est\u00e1\u00a0 comprometido con la calidad, Gracias a la integraci\u00f3n corporativa, Yanbal controla la calidad de sus producto, desde la investigaci\u00f3n y conceptualizaci\u00f3n hasta la producci\u00f3n y distribuci\u00f3n.<br \/>Yanbal Confia en nuestro potencial para cumplir todo lo que nos propongamos, adem\u00e1s cree que nuestros \u00e9xitos deben ser reconocidos.<br \/><br \/>Por eso, nos ofrece un Plan de Compensaci\u00f3n espectacular por vender productos a nuestros\u00a0 clientes y desarrollar una red de Consultoras Independientes, el mejor acompa\u00f1amiento y desarrollo integral y comercial, para que seamos unos empresarios\u00a0 independientes de \u00e9xito, y un Plan de Reconocimiento Comercial incre\u00edble con coches en uso y viajes de ensue\u00f1o*.\u00a0<br \/>*Revisar bases.<br \/>\u00a0Gana hasta un 40%<\/p><\/div><\/div>\n        <\/section>\t\t<\/div>\n\t\t\t\t<\/div>\n\t\t\t\t\t<\/div>\n\t\t<\/div>\n\t\t\t\t\t\t\t<\/div>\n\t\t<\/section>\n\t\t\t\t<section class=\"elementor-section elementor-top-section elementor-element elementor-element-2a2de63 elementor-section-content-middle elementor-reverse-mobile elementor-section-height-full elementor-section-boxed elementor-section-height-default elementor-section-items-middle\" data-id=\"2a2de63\" data-element_type=\"section\">\n\t\t\t\t\t\t<div class=\"elementor-container elementor-column-gap-no\">\n\t\t\t\t\t<div class=\"aux-parallax-section elementor-column elementor-col-50 elementor-top-column elementor-element elementor-element-8174f1b\" data-id=\"8174f1b\" data-element_type=\"column\">\n\t\t\t<div class=\"elementor-widget-wrap elementor-element-populated\">\n\t\t\t\t\t\t\t\t<div class=\"elementor-element elementor-element-b7f2cb5 aux-appear-watch-animation aux-fade-in-right-2 elementor-widget elementor-widget-aux_modern_heading\" data-id=\"b7f2cb5\" data-element_type=\"widget\" data-widget_type=\"aux_modern_heading.default\">\n\t\t\t\t<div class=\"elementor-widget-container\">\n\t\t\t<section class=\"aux-widget-modern-heading\">\n            <div class=\"aux-widget-inner\"><h1 class=\"aux-modern-heading-primary\"><\/h1><h3 class=\"aux-modern-heading-secondary\"><span class=\"aux-head-highlight\">T\u00da TAMBI\u00c9N PUEDES SER PARTE DEL MUNDO DE LAS DIRECTORAS INDEPENDIENTES<\/span><\/h3><div class=\"aux-modern-heading-description\"><p>Decide aprovechar al m\u00e1ximo todas las posibilidades y experiencias \u00fanicas que te ofrece la Oportunidad Yanbal. Te contamos cu\u00e1les son:<\/p><p>Gana mucho m\u00e1s. Si decides convertirte en Directora Independiente, empezar\u00e1s a desarrollar un Grupo Personal a\u00fan m\u00e1s grande, ganando por Las ventas a sus clientes con porcentajes a\u00fan mayores. Adem\u00e1s, podr\u00e1s conseguir muchos beneficios comerciales, como nuestro m\u00e1ximo s\u00edmbolo de reconocimiento comercial, el auto Yanbal, as\u00ed como viajes nacionales e internacionales.<\/p><p>\u00a1Preg\u00fantame c\u00f3mo puedes dar el siguiente paso! \u00a1Te apoyar\u00e9 y te guiar\u00e9 para que lo hagas realidad!<\/p><\/div><\/div>\n        <\/section>\t\t<\/div>\n\t\t\t\t<\/div>\n\t\t\t\t\t<\/div>\n\t\t<\/div>\n\t\t\t\t<div class=\"aux-parallax-section elementor-column elementor-col-50 elementor-top-column elementor-element elementor-element-7255de3\" data-id=\"7255de3\" data-element_type=\"column\">\n\t\t\t<div class=\"elementor-widget-wrap elementor-element-populated\">\n\t\t\t\t\t\t\t\t<div class=\"elementor-element elementor-element-c34ce33 aux-appear-watch-animation aux-fade-in-left-1 elementor-widget elementor-widget-aux_image\" data-id=\"c34ce33\" data-element_type=\"widget\" data-widget_type=\"aux_image.default\">\n\t\t\t\t<div class=\"elementor-widget-container\">\n\t\t\t<section class=\"widget-container aux-widget-image aux-alignnone aux-parent-aue4723064\">\n    <div class=\"aux-media-hint-frame \">\n        <div class=\"aux-media-image \" >\n        \n            \n\n            \n            <img loading=\"lazy\" decoding=\"async\" width=\"768\" height=\"670\" src=\"https:\/\/bellezalife.com\/wp-content\/uploads\/2023\/10\/foto-768x670.jpeg\" class=\"aux-attachment aux-featured-image aux-attachment-id-79\" alt=\"foto\" srcset=\"https:\/\/bellezalife.com\/wp-content\/uploads\/2023\/10\/foto-150x150.jpeg 150w,https:\/\/bellezalife.com\/wp-content\/uploads\/2023\/10\/foto-300x300.jpeg 300w,https:\/\/bellezalife.com\/wp-content\/uploads\/2023\/10\/foto-768x670.jpeg 768w,https:\/\/bellezalife.com\/wp-content\/uploads\/2023\/10\/foto-768x670.jpeg 768w\" data-ratio=\"1\" data-original-w=\"1005\" sizes=\"(max-width:479px) 480px,(max-width:767px) 768px,(max-width:1023px) 1024px,768px\" \/>            \n                <\/div>\n    <\/div>\n\n<\/section><!-- widget-container -->\t\t<\/div>\n\t\t\t\t<\/div>\n\t\t\t\t<div class=\"elementor-element elementor-element-992d885 aux-appear-watch-animation aux-fade-in-right elementor-widget elementor-widget-aux_simple_svg\" data-id=\"992d885\" data-element_type=\"widget\" data-widget_type=\"aux_simple_svg.default\">\n\t\t\t\t<div class=\"elementor-widget-container\">\n\t\t\t    <div class=\"aux-widget-container aux-simple-svg-container\">\n        <div class=\"aux-widget-container-inner\">\n            <div class=\"aux-the-svg\"> <svg width=\"550\" height=\"750\">\n  <rect x=\"0\" y=\"0\" rx=\"0\" ry=\"0\" width=\"550\" height=\"750\" style=\"fill:#dce0fb;opacity:1\" \/>\n<\/svg> <\/div>\n        <\/div>\n    <\/div>\n    \t\t<\/div>\n\t\t\t\t<\/div>\n\t\t\t\t\t<\/div>\n\t\t<\/div>\n\t\t\t\t\t\t\t<\/div>\n\t\t<\/section>\n\t\t\t\t<section class=\"elementor-section elementor-top-section elementor-element elementor-element-90dd330 elementor-section-content-middle elementor-reverse-mobile elementor-section-height-full elementor-section-boxed elementor-section-height-default elementor-section-items-middle\" data-id=\"90dd330\" data-element_type=\"section\">\n\t\t\t\t\t\t<div class=\"elementor-container elementor-column-gap-no\">\n\t\t\t\t\t<div class=\"aux-parallax-section elementor-column elementor-col-50 elementor-top-column elementor-element elementor-element-5d85bde\" data-id=\"5d85bde\" data-element_type=\"column\">\n\t\t\t<div class=\"elementor-widget-wrap elementor-element-populated\">\n\t\t\t\t\t\t\t\t<div class=\"elementor-element elementor-element-86b58a9 aux-appear-watch-animation aux-fade-in-left-1 elementor-widget elementor-widget-aux_image\" data-id=\"86b58a9\" data-element_type=\"widget\" data-widget_type=\"aux_image.default\">\n\t\t\t\t<div class=\"elementor-widget-container\">\n\t\t\t<section class=\"widget-container aux-widget-image aux-alignnone aux-parent-aueec45030\">\n    <div class=\"aux-media-hint-frame \">\n        <div class=\"aux-media-image \" >\n        \n            \n\n            \n            <img loading=\"lazy\" decoding=\"async\" width=\"768\" height=\"576\" src=\"https:\/\/bellezalife.com\/wp-content\/uploads\/2023\/10\/labs-768x576.jpeg\" class=\"aux-attachment aux-featured-image aux-attachment-id-151\" alt=\"labs\" srcset=\"https:\/\/bellezalife.com\/wp-content\/uploads\/2023\/10\/labs-150x150.jpeg 150w,https:\/\/bellezalife.com\/wp-content\/uploads\/2023\/10\/labs-300x300.jpeg 300w,https:\/\/bellezalife.com\/wp-content\/uploads\/2023\/10\/labs-768x576.jpeg 768w,https:\/\/bellezalife.com\/wp-content\/uploads\/2023\/10\/labs-768x576.jpeg 768w\" data-ratio=\"1\" data-original-w=\"1024\" sizes=\"(max-width:479px) 480px,(max-width:767px) 768px,(max-width:1023px) 1024px,768px\" \/>            \n                <\/div>\n    <\/div>\n\n<\/section><!-- widget-container -->\t\t<\/div>\n\t\t\t\t<\/div>\n\t\t\t\t<div class=\"elementor-element elementor-element-1b0e918 aux-appear-watch-animation aux-fade-in-right elementor-widget elementor-widget-aux_simple_svg\" data-id=\"1b0e918\" data-element_type=\"widget\" data-widget_type=\"aux_simple_svg.default\">\n\t\t\t\t<div class=\"elementor-widget-container\">\n\t\t\t    <div class=\"aux-widget-container aux-simple-svg-container\">\n        <div class=\"aux-widget-container-inner\">\n            <div class=\"aux-the-svg\"> <svg width=\"550\" height=\"750\">\n  <rect x=\"0\" y=\"0\" rx=\"0\" ry=\"0\" width=\"550\" height=\"750\" style=\"fill:#dce0fb;opacity:1\" \/>\n<\/svg> <\/div>\n        <\/div>\n    <\/div>\n    \t\t<\/div>\n\t\t\t\t<\/div>\n\t\t\t\t\t<\/div>\n\t\t<\/div>\n\t\t\t\t<div class=\"aux-parallax-section elementor-column elementor-col-50 elementor-top-column elementor-element elementor-element-3ca95d4\" data-id=\"3ca95d4\" data-element_type=\"column\">\n\t\t\t<div class=\"elementor-widget-wrap elementor-element-populated\">\n\t\t\t\t\t\t\t\t<div class=\"elementor-element elementor-element-4bbf30d aux-appear-watch-animation aux-fade-in-right-2 elementor-widget elementor-widget-aux_modern_heading\" data-id=\"4bbf30d\" data-element_type=\"widget\" data-widget_type=\"aux_modern_heading.default\">\n\t\t\t\t<div class=\"elementor-widget-container\">\n\t\t\t<section class=\"aux-widget-modern-heading\">\n            <div class=\"aux-widget-inner\"><h2 class=\"aux-modern-heading-primary\"><\/h2><h3 class=\"aux-modern-heading-secondary\"><span class=\"aux-head-highlight\">Innovaci\u00f3n Yanbal<\/span><\/h3><div class=\"aux-modern-heading-description\"><p>Hace algunos a\u00f1os Yanbal puso en marcha un laboratorio que le apuesta al desarrollo y testeo de f\u00f3rmulas exclusivas. All\u00ed trabajan perfumistas y cient\u00edficos de todo el mundo, d\u00e1ndole vida a unas 100 nuevas f\u00f3rmulas al a\u00f1o.<\/p><p>En un edificio en Fort Lauderdale, a menos de una hora de Miami, Estados Unidos, se esconde el que por 26 a\u00f1os ha sido \u2018la joya de la corona\u2019 de la marca de belleza Yanbal: su Centro de Innovaci\u00f3n y Desarrollo. Un lugar creado para desarrollar y testear f\u00f3rmulas exclusivas\u00a0para\u00a0la\u00a0marca<\/p><\/div><\/div>\n        <\/section>\t\t<\/div>\n\t\t\t\t<\/div>\n\t\t\t\t\t<\/div>\n\t\t<\/div>\n\t\t\t\t\t\t\t<\/div>\n\t\t<\/section>\n\t\t\t\t<section class=\"elementor-section elementor-top-section elementor-element elementor-element-c659a9b elementor-section-content-middle elementor-reverse-mobile elementor-section-boxed elementor-section-height-default elementor-section-height-default\" data-id=\"c659a9b\" data-element_type=\"section\">\n\t\t\t\t\t\t<div class=\"elementor-container elementor-column-gap-no\">\n\t\t\t\t\t<div class=\"aux-parallax-section elementor-column elementor-col-50 elementor-top-column elementor-element elementor-element-84add1e\" data-id=\"84add1e\" data-element_type=\"column\">\n\t\t\t<div class=\"elementor-widget-wrap elementor-element-populated\">\n\t\t\t\t\t\t\t\t<div class=\"elementor-element elementor-element-b9a61a0 aux-appear-watch-animation aux-fade-in-right-2 elementor-widget elementor-widget-aux_modern_heading\" data-id=\"b9a61a0\" data-element_type=\"widget\" data-widget_type=\"aux_modern_heading.default\">\n\t\t\t\t<div class=\"elementor-widget-container\">\n\t\t\t<section class=\"aux-widget-modern-heading\">\n            <div class=\"aux-widget-inner\"><h2 class=\"aux-modern-heading-primary\"><\/h2><h3 class=\"aux-modern-heading-secondary\"><span class=\"aux-head-highlight\">CONOCE LA INICIATIVA DE YANBAL, MUJER ES PODER<\/span><\/h3><div class=\"aux-modern-heading-description\"><p>Yanbal ha creado el proyecto Mujer es Poder, una iniciativa que se enfoca en el desarrollo de la autoestima de m\u00e1s de 4000 ni\u00f1as, adolescentes y mujeres en condiciones de vulnerabilidad.<\/p><p><br \/>El objetivo de esta iniciativa es que, a trav\u00e9s del refuerzo de valores, empoderamiento personal y refuerzo de competencias, las participantes cultiven el amor propio, refuercen la imagen de s\u00ed mismas y construyan su plan de vida<\/p><\/div><\/div>\n        <\/section>\t\t<\/div>\n\t\t\t\t<\/div>\n\t\t\t\t\t<\/div>\n\t\t<\/div>\n\t\t\t\t<div class=\"aux-parallax-section elementor-column elementor-col-50 elementor-top-column elementor-element elementor-element-97726b2\" data-id=\"97726b2\" data-element_type=\"column\">\n\t\t\t<div class=\"elementor-widget-wrap elementor-element-populated\">\n\t\t\t\t\t\t\t\t<div class=\"elementor-element elementor-element-4f58ca3 aux-appear-watch-animation aux-fade-in-left-1 elementor-widget elementor-widget-aux_image\" data-id=\"4f58ca3\" data-element_type=\"widget\" data-widget_type=\"aux_image.default\">\n\t\t\t\t<div class=\"elementor-widget-container\">\n\t\t\t<section class=\"widget-container aux-widget-image aux-alignnone aux-parent-au5ea10bbf\">\n    <div class=\"aux-media-hint-frame \">\n        <div class=\"aux-media-image \" >\n        \n            \n\n            \n            <img loading=\"lazy\" decoding=\"async\" width=\"420\" height=\"371\" src=\"https:\/\/bellezalife.com\/wp-content\/uploads\/2023\/10\/img.jpeg\" class=\"aux-attachment aux-featured-image aux-attachment-id-167\" alt=\"img\" srcset=\"https:\/\/bellezalife.com\/wp-content\/uploads\/2023\/10\/img-150x150.jpeg 150w,https:\/\/bellezalife.com\/wp-content\/uploads\/2023\/10\/img-300x300.jpeg 300w,https:\/\/bellezalife.com\/wp-content\/uploads\/2023\/10\/img.jpeg 420w\" data-ratio=\"1\" data-original-w=\"420\" sizes=\"(max-width:479px) 480px,(max-width:767px) 768px,(max-width:1023px) 1024px,420px\" \/>            \n                <\/div>\n    <\/div>\n\n<\/section><!-- widget-container -->\t\t<\/div>\n\t\t\t\t<\/div>\n\t\t\t\t<div class=\"elementor-element elementor-element-3a489fc aux-appear-watch-animation aux-fade-in-right elementor-widget elementor-widget-aux_simple_svg\" data-id=\"3a489fc\" data-element_type=\"widget\" data-widget_type=\"aux_simple_svg.default\">\n\t\t\t\t<div class=\"elementor-widget-container\">\n\t\t\t    <div class=\"aux-widget-container aux-simple-svg-container\">\n        <div class=\"aux-widget-container-inner\">\n            <div class=\"aux-the-svg\"> <svg width=\"550\" height=\"750\">\n  <rect x=\"0\" y=\"0\" rx=\"0\" ry=\"0\" width=\"550\" height=\"750\" style=\"fill:#dce0fb;opacity:1\" \/>\n<\/svg> <\/div>\n        <\/div>\n    <\/div>\n    \t\t<\/div>\n\t\t\t\t<\/div>\n\t\t\t\t\t<\/div>\n\t\t<\/div>\n\t\t\t\t\t\t\t<\/div>\n\t\t<\/section>\n\t\t\t\t<section class=\"elementor-section elementor-top-section elementor-element elementor-element-91ae60c elementor-section-boxed elementor-section-height-default elementor-section-height-default\" data-id=\"91ae60c\" data-element_type=\"section\">\n\t\t\t\t\t\t<div class=\"elementor-container elementor-column-gap-default\">\n\t\t\t\t\t<div class=\"aux-parallax-section elementor-column elementor-col-100 elementor-top-column elementor-element elementor-element-60eb336 aux-appear-watch-animation aux-mask-from-right\" data-id=\"60eb336\" data-element_type=\"column\" data-settings=\"{&quot;background_background&quot;:&quot;classic&quot;}\">\n\t\t\t<div class=\"elementor-widget-wrap elementor-element-populated\">\n\t\t\t\t\t\t\t\t<div class=\"elementor-element elementor-element-ba45dbc elementor-widget__width-auto aux-appear-watch-animation aux-fade-in-up-2 elementor-widget elementor-widget-aux_modern_button\" data-id=\"ba45dbc\" data-element_type=\"widget\" data-widget_type=\"aux_modern_button.default\">\n\t\t\t\t<div class=\"elementor-widget-container\">\n\t\t\t    <div class=\"aux-modern-button-wrapper aux-modern-button-align-left\" >\n        <span class=\"aux-lightbox-video \">            <a class=\"aux-modern-button aux-caution aux-modern-button-md aux-modern-button-normal aux-modern-button-default aux-icon-left aux-open-video\" href=\"https:\/\/youtu.be\/WmZNaVx4hPQ\" data-type=\"video\">\n                <div class=\"aux-overlay\"><\/div>\n                                    <div class=\"aux-icon \">\n                        <i aria-hidden=\"true\" class=\"auxicon2 auxicon2-play-triangle-1\"><\/i>                    <\/div>\n                                <div class=\"aux-text\">\n<span class=\"aux-text-before\">\u00c9lites Yanbal<\/span>                <\/div>\n            <\/a>\n            <\/span>\n    <\/div>\n\n    \t\t<\/div>\n\t\t\t\t<\/div>\n\t\t\t\t\t<\/div>\n\t\t<\/div>\n\t\t\t\t\t\t\t<\/div>\n\t\t<\/section>\n\t\t\t\t\t\t\t<\/div>\n\t\t","protected":false},"excerpt":{"rendered":"<p>CAMBIANDO VIDAS Conoce c\u00f3mo tener tu propio negocio Yanbal en Espa\u00f1a y convi\u00e9rtete en una exitosa empresaria gracias a YANBAL \u00bfQu\u00e9 es YANBAL? Es una compa\u00f1\u00eda global de venta directa presente en 10 pa\u00edses de Am\u00e9rica y Europasus productos son de clase internacional dispone de 5 categor\u00edas, Cuidado Facial, Cuidado del Cuerpo, Maquillaje, Fragancias y [&hellip;]<\/p>\n","protected":false},"author":1,"featured_media":0,"parent":0,"menu_order":0,"comment_status":"closed","ping_status":"closed","template":"templates\/page-builder-content.php","meta":{"footnotes":""},"_links":{"self":[{"href":"https:\/\/bellezalife.com\/index.php\/wp-json\/wp\/v2\/pages\/69"}],"collection":[{"href":"https:\/\/bellezalife.com\/index.php\/wp-json\/wp\/v2\/pages"}],"about":[{"href":"https:\/\/bellezalife.com\/index.php\/wp-json\/wp\/v2\/types\/page"}],"author":[{"embeddable":true,"href":"https:\/\/bellezalife.com\/index.php\/wp-json\/wp\/v2\/users\/1"}],"replies":[{"embeddable":true,"href":"https:\/\/bellezalife.com\/index.php\/wp-json\/wp\/v2\/comments?post=69"}],"version-history":[{"count":84,"href":"https:\/\/bellezalife.com\/index.php\/wp-json\/wp\/v2\/pages\/69\/revisions"}],"predecessor-version":[{"id":190,"href":"https:\/\/bellezalife.com\/index.php\/wp-json\/wp\/v2\/pages\/69\/revisions\/190"}],"wp:attachment":[{"href":"https:\/\/bellezalife.com\/index.php\/wp-json\/wp\/v2\/media?parent=69"}],"curies":[{"name":"wp","href":"https:\/\/api.w.org\/{rel}","templated":true}]}}